{"id":16447,"date":"2024-08-27T13:26:57","date_gmt":"2024-08-27T16:26:57","guid":{"rendered":"https:\/\/lab.jgeng.com.br\/?page_id=16447"},"modified":"2024-08-27T13:32:47","modified_gmt":"2024-08-27T16:32:47","slug":"politica-de-sgi","status":"publish","type":"page","link":"https:\/\/jgeng.com.br\/pt_br\/politica-de-sgi\/","title":{"rendered":"Pol\u00edtica do sistema de gest\u00e3o integrado"},"content":{"rendered":"\t\t<div data-elementor-type=\"wp-page\" data-elementor-id=\"16447\" class=\"elementor elementor-16447\" data-elementor-post-type=\"page\">\n\t\t\t\t<div class=\"elementor-element elementor-element-e3c1897 e-flex e-con-boxed e-con e-parent\" data-id=\"e3c1897\" data-element_type=\"container\">\n\t\t\t\t\t<div class=\"e-con-inner\">\n\t\t\t\t<div class=\"elementor-element elementor-element-7bdc324 elementor-widget elementor-widget-wd_text_block\" data-id=\"7bdc324\" data-element_type=\"widget\" data-widget_type=\"wd_text_block.default\">\n\t\t\t\t<div class=\"elementor-widget-container\">\n\t\t\t\t\t\t\t\t<link rel=\"stylesheet\" id=\"wd-text-block-css\" href=\"https:\/\/jgeng.com.br\/wp-content\/themes\/woodmart\/css\/parts\/el-text-block.min.css?ver=7.5.1\" type=\"text\/css\" media=\"all\" \/> \t\t\t\t\t<div class=\"wd-text-block reset-last-child text-left\">\n\t\t\t\n\t\t\t<p>A JG Engenharia, empresa atuante em movimenta\u00e7\u00e3o de cargas, servi\u00e7os de engenharia, manuten\u00e7\u00e3o e outros servi\u00e7os no mercado offshore e onshore, com a premissa de manter e aprimorar o seu Sistema de Gest\u00e3o Integrado, adota esta Pol\u00edtica e assume os seguintes compromissos.<\/p>\n\t\t\t\t\t<\/div>\n\t\t\t\t\t\t<\/div>\n\t\t\t\t<\/div>\n\t\t\t\t\t<\/div>\n\t\t\t\t<\/div>\n\t\t<div class=\"elementor-element elementor-element-7020900 e-flex e-con-boxed e-con e-parent\" data-id=\"7020900\" data-element_type=\"container\">\n\t\t\t\t\t<div class=\"e-con-inner\">\n\t\t\t\t<div class=\"elementor-element elementor-element-c216575 elementor-align-left elementor-icon-list--layout-traditional elementor-list-item-link-full_width elementor-widget elementor-widget-icon-list\" data-id=\"c216575\" data-element_type=\"widget\" data-widget_type=\"icon-list.default\">\n\t\t\t\t<div class=\"elementor-widget-container\">\n\t\t\t\t\t\t\t<ul class=\"elementor-icon-list-items\">\n\t\t\t\t\t\t\t<li class=\"elementor-icon-list-item\">\n\t\t\t\t\t\t\t\t\t\t\t<span class=\"elementor-icon-list-icon\">\n\t\t\t\t\t\t\t<svg aria-hidden=\"true\" class=\"e-font-icon-svg e-fas-check-circle\" viewBox=\"0 0 512 512\" xmlns=\"http:\/\/www.w3.org\/2000\/svg\"><path d=\"M504 256c0 136.967-111.033 248-248 248S8 392.967 8 256 119.033 8 256 8s248 111.033 248 248zM227.314 387.314l184-184c6.248-6.248 6.248-16.379 0-22.627l-22.627-22.627c-6.248-6.249-16.379-6.249-22.628 0L216 308.118l-70.059-70.059c-6.248-6.248-16.379-6.248-22.628 0l-22.627 22.627c-6.248 6.248-6.248 16.379 0 22.627l104 104c6.249 6.249 16.379 6.249 22.628.001z\"><\/path><\/svg>\t\t\t\t\t\t<\/span>\n\t\t\t\t\t\t\t\t\t\t<span class=\"elementor-icon-list-text\"> Atendimento \u00e0s expectativas e necessidades do nosso Cliente e outras partes interessadas, cumprindo com seus requisitos e garantindo a sua satisfa\u00e7\u00e3o de forma eficaz;<\/span>\n\t\t\t\t\t\t\t\t\t<\/li>\n\t\t\t\t\t\t\t\t<li class=\"elementor-icon-list-item\">\n\t\t\t\t\t\t\t\t\t\t\t<span class=\"elementor-icon-list-icon\">\n\t\t\t\t\t\t\t<svg aria-hidden=\"true\" class=\"e-font-icon-svg e-fas-check-circle\" viewBox=\"0 0 512 512\" xmlns=\"http:\/\/www.w3.org\/2000\/svg\"><path d=\"M504 256c0 136.967-111.033 248-248 248S8 392.967 8 256 119.033 8 256 8s248 111.033 248 248zM227.314 387.314l184-184c6.248-6.248 6.248-16.379 0-22.627l-22.627-22.627c-6.248-6.249-16.379-6.249-22.628 0L216 308.118l-70.059-70.059c-6.248-6.248-16.379-6.248-22.628 0l-22.627 22.627c-6.248 6.248-6.248 16.379 0 22.627l104 104c6.249 6.249 16.379 6.249 22.628.001z\"><\/path><\/svg>\t\t\t\t\t\t<\/span>\n\t\t\t\t\t\t\t\t\t\t<span class=\"elementor-icon-list-text\">\u00canfase no  atendimento a requisitos legais, contratuais e normativos na execu\u00e7\u00e3o das nossas atividades;<\/span>\n\t\t\t\t\t\t\t\t\t<\/li>\n\t\t\t\t\t\t\t\t<li class=\"elementor-icon-list-item\">\n\t\t\t\t\t\t\t\t\t\t\t<span class=\"elementor-icon-list-icon\">\n\t\t\t\t\t\t\t<svg aria-hidden=\"true\" class=\"e-font-icon-svg e-fas-check-circle\" viewBox=\"0 0 512 512\" xmlns=\"http:\/\/www.w3.org\/2000\/svg\"><path d=\"M504 256c0 136.967-111.033 248-248 248S8 392.967 8 256 119.033 8 256 8s248 111.033 248 248zM227.314 387.314l184-184c6.248-6.248 6.248-16.379 0-22.627l-22.627-22.627c-6.248-6.249-16.379-6.249-22.628 0L216 308.118l-70.059-70.059c-6.248-6.248-16.379-6.248-22.628 0l-22.627 22.627c-6.248 6.248-6.248 16.379 0 22.627l104 104c6.249 6.249 16.379 6.249 22.628.001z\"><\/path><\/svg>\t\t\t\t\t\t<\/span>\n\t\t\t\t\t\t\t\t\t\t<span class=\"elementor-icon-list-text\">Preven\u00e7\u00e3o e minimiza\u00e7\u00e3o dos riscos \u00e0 Seguran\u00e7a e \u00e0 Sa\u00fade do Colaborador, com foco na elimina\u00e7\u00e3o de perigos, de forma a proporcionar condi\u00e7\u00f5es  de trabalho seguros e saud\u00e1veis, para preven\u00e7\u00e3o de les\u00f5es e problemas de sa\u00fade relacionados ao trabalho;<\/span>\n\t\t\t\t\t\t\t\t\t<\/li>\n\t\t\t\t\t\t\t\t<li class=\"elementor-icon-list-item\">\n\t\t\t\t\t\t\t\t\t\t\t<span class=\"elementor-icon-list-icon\">\n\t\t\t\t\t\t\t<svg aria-hidden=\"true\" class=\"e-font-icon-svg e-fas-check-circle\" viewBox=\"0 0 512 512\" xmlns=\"http:\/\/www.w3.org\/2000\/svg\"><path d=\"M504 256c0 136.967-111.033 248-248 248S8 392.967 8 256 119.033 8 256 8s248 111.033 248 248zM227.314 387.314l184-184c6.248-6.248 6.248-16.379 0-22.627l-22.627-22.627c-6.248-6.249-16.379-6.249-22.628 0L216 308.118l-70.059-70.059c-6.248-6.248-16.379-6.248-22.628 0l-22.627 22.627c-6.248 6.248-6.248 16.379 0 22.627l104 104c6.249 6.249 16.379 6.249 22.628.001z\"><\/path><\/svg>\t\t\t\t\t\t<\/span>\n\t\t\t\t\t\t\t\t\t\t<span class=\"elementor-icon-list-text\">Prote\u00e7\u00e3o ao Meio Ambiente com o uso consciente de recursos e minimiza\u00e7\u00e3o dos poss\u00edveis impactos ambientais gerados pelas nossas atividades;  \u2022<\/span>\n\t\t\t\t\t\t\t\t\t<\/li>\n\t\t\t\t\t\t\t\t<li class=\"elementor-icon-list-item\">\n\t\t\t\t\t\t\t\t\t\t\t<span class=\"elementor-icon-list-icon\">\n\t\t\t\t\t\t\t<svg aria-hidden=\"true\" class=\"e-font-icon-svg e-fas-check-circle\" viewBox=\"0 0 512 512\" xmlns=\"http:\/\/www.w3.org\/2000\/svg\"><path d=\"M504 256c0 136.967-111.033 248-248 248S8 392.967 8 256 119.033 8 256 8s248 111.033 248 248zM227.314 387.314l184-184c6.248-6.248 6.248-16.379 0-22.627l-22.627-22.627c-6.248-6.249-16.379-6.249-22.628 0L216 308.118l-70.059-70.059c-6.248-6.248-16.379-6.248-22.628 0l-22.627 22.627c-6.248 6.248-6.248 16.379 0 22.627l104 104c6.249 6.249 16.379 6.249 22.628.001z\"><\/path><\/svg>\t\t\t\t\t\t<\/span>\n\t\t\t\t\t\t\t\t\t\t<span class=\"elementor-icon-list-text\">Promo\u00e7\u00e3o da capacita\u00e7\u00e3o de nossos Colaboradores, conscientizando-os sobre sua import\u00e2ncia em estar conforme com os requisitos e suas atribui\u00e7\u00f5es, e incentivo \u00e0 sua consulta e participa\u00e7\u00e3o nas quest\u00f5es vinculadas ao Sistema de Gest\u00e3o Integrado e seu desempenho;<\/span>\n\t\t\t\t\t\t\t\t\t<\/li>\n\t\t\t\t\t\t\t\t<li class=\"elementor-icon-list-item\">\n\t\t\t\t\t\t\t\t\t\t\t<span class=\"elementor-icon-list-icon\">\n\t\t\t\t\t\t\t<svg aria-hidden=\"true\" class=\"e-font-icon-svg e-fas-check-circle\" viewBox=\"0 0 512 512\" xmlns=\"http:\/\/www.w3.org\/2000\/svg\"><path d=\"M504 256c0 136.967-111.033 248-248 248S8 392.967 8 256 119.033 8 256 8s248 111.033 248 248zM227.314 387.314l184-184c6.248-6.248 6.248-16.379 0-22.627l-22.627-22.627c-6.248-6.249-16.379-6.249-22.628 0L216 308.118l-70.059-70.059c-6.248-6.248-16.379-6.248-22.628 0l-22.627 22.627c-6.248 6.248-6.248 16.379 0 22.627l104 104c6.249 6.249 16.379 6.249 22.628.001z\"><\/path><\/svg>\t\t\t\t\t\t<\/span>\n\t\t\t\t\t\t\t\t\t\t<span class=\"elementor-icon-list-text\">Estabelecimento e cumprimento de objetivos e metas para monitorar o desempenho eficaz do Sistema de Gest\u00e3o Integrado;<\/span>\n\t\t\t\t\t\t\t\t\t<\/li>\n\t\t\t\t\t\t\t\t<li class=\"elementor-icon-list-item\">\n\t\t\t\t\t\t\t\t\t\t\t<span class=\"elementor-icon-list-icon\">\n\t\t\t\t\t\t\t<svg aria-hidden=\"true\" class=\"e-font-icon-svg e-fas-check-circle\" viewBox=\"0 0 512 512\" xmlns=\"http:\/\/www.w3.org\/2000\/svg\"><path d=\"M504 256c0 136.967-111.033 248-248 248S8 392.967 8 256 119.033 8 256 8s248 111.033 248 248zM227.314 387.314l184-184c6.248-6.248 6.248-16.379 0-22.627l-22.627-22.627c-6.248-6.249-16.379-6.249-22.628 0L216 308.118l-70.059-70.059c-6.248-6.248-16.379-6.248-22.628 0l-22.627 22.627c-6.248 6.248-6.248 16.379 0 22.627l104 104c6.249 6.249 16.379 6.249 22.628.001z\"><\/path><\/svg>\t\t\t\t\t\t<\/span>\n\t\t\t\t\t\t\t\t\t\t<span class=\"elementor-icon-list-text\">Comprometimento com a melhoria cont\u00ednua do Sistema de Gest\u00e3o Integrado;<\/span>\n\t\t\t\t\t\t\t\t\t<\/li>\n\t\t\t\t\t\t<\/ul>\n\t\t\t\t\t\t<\/div>\n\t\t\t\t<\/div>\n\t\t\t\t\t<\/div>\n\t\t\t\t<\/div>\n\t\t\t\t<\/div>\n\t\t","protected":false},"excerpt":{"rendered":"<p>A JG Engenharia, empresa atuante em movimenta\u00e7\u00e3o de cargas, servi\u00e7os de engenharia, manuten\u00e7\u00e3o e outros servi\u00e7os no mercado offshore e<\/p>\n","protected":false},"author":1,"featured_media":0,"parent":0,"menu_order":0,"comment_status":"closed","ping_status":"closed","template":"","meta":{"footnotes":""},"class_list":["post-16447","page","type-page","status-publish","hentry"],"yoast_head":"<!-- This site is optimized with the Yoast SEO plugin v22.6 - https:\/\/yoast.com\/wordpress\/plugins\/seo\/ -->\n<title>Pol\u00edtica do sistema de gest\u00e3o integrado - JG Engenharia<\/title>\n<meta name=\"robots\" content=\"index, follow, max-snippet:-1, max-image-preview:large, max-video-preview:-1\" \/>\n<link rel=\"canonical\" href=\"https:\/\/jgeng.com.br\/pt_br\/politica-de-sgi\/\" \/>\n<meta property=\"og:locale\" content=\"pt_BR\" \/>\n<meta property=\"og:type\" content=\"article\" \/>\n<meta property=\"og:title\" content=\"Pol\u00edtica do sistema de gest\u00e3o integrado - JG Engenharia\" \/>\n<meta property=\"og:description\" content=\"A JG Engenharia, empresa atuante em movimenta\u00e7\u00e3o de cargas, servi\u00e7os de engenharia, manuten\u00e7\u00e3o e outros servi\u00e7os no mercado offshore e\" \/>\n<meta property=\"og:url\" content=\"https:\/\/jgeng.com.br\/pt_br\/politica-de-sgi\/\" \/>\n<meta property=\"og:site_name\" content=\"JG Engenharia\" \/>\n<meta property=\"article:modified_time\" content=\"2024-08-27T16:32:47+00:00\" \/>\n<meta name=\"twitter:card\" content=\"summary_large_image\" \/>\n<meta name=\"twitter:label1\" content=\"Est. tempo de leitura\" \/>\n\t<meta name=\"twitter:data1\" content=\"2 minutos\" \/>\n<script type=\"application\/ld+json\" class=\"yoast-schema-graph\">{\"@context\":\"https:\/\/schema.org\",\"@graph\":[{\"@type\":\"WebPage\",\"@id\":\"https:\/\/jgeng.com.br\/en\/politica-de-sgi\/\",\"url\":\"https:\/\/jgeng.com.br\/en\/politica-de-sgi\/\",\"name\":\"Pol\u00edtica do sistema de gest\u00e3o integrado - JG Engenharia\",\"isPartOf\":{\"@id\":\"https:\/\/jgeng.com.br\/#website\"},\"datePublished\":\"2024-08-27T16:26:57+00:00\",\"dateModified\":\"2024-08-27T16:32:47+00:00\",\"breadcrumb\":{\"@id\":\"https:\/\/jgeng.com.br\/en\/politica-de-sgi\/#breadcrumb\"},\"inLanguage\":\"pt-BR\",\"potentialAction\":[{\"@type\":\"ReadAction\",\"target\":[\"https:\/\/jgeng.com.br\/en\/politica-de-sgi\/\"]}]},{\"@type\":\"BreadcrumbList\",\"@id\":\"https:\/\/jgeng.com.br\/en\/politica-de-sgi\/#breadcrumb\",\"itemListElement\":[{\"@type\":\"ListItem\",\"position\":1,\"name\":\"In\u00edcio\",\"item\":\"https:\/\/jgeng.com.br\/pt_br\/\"},{\"@type\":\"ListItem\",\"position\":2,\"name\":\"Pol\u00edtica do sistema de gest\u00e3o integrado\"}]},{\"@type\":\"WebSite\",\"@id\":\"https:\/\/jgeng.com.br\/#website\",\"url\":\"https:\/\/jgeng.com.br\/\",\"name\":\"JG Engenharia\",\"description\":\"\",\"potentialAction\":[{\"@type\":\"SearchAction\",\"target\":{\"@type\":\"EntryPoint\",\"urlTemplate\":\"https:\/\/jgeng.com.br\/?s={search_term_string}\"},\"query-input\":\"required name=search_term_string\"}],\"inLanguage\":\"pt-BR\"}]}<\/script>\n<!-- \/ Yoast SEO plugin. -->","yoast_head_json":{"title":"Pol\u00edtica do sistema de gest\u00e3o integrado - JG Engenharia","robots":{"index":"index","follow":"follow","max-snippet":"max-snippet:-1","max-image-preview":"max-image-preview:large","max-video-preview":"max-video-preview:-1"},"canonical":"https:\/\/jgeng.com.br\/pt_br\/politica-de-sgi\/","og_locale":"pt_BR","og_type":"article","og_title":"Pol\u00edtica do sistema de gest\u00e3o integrado - JG Engenharia","og_description":"A JG Engenharia, empresa atuante em movimenta\u00e7\u00e3o de cargas, servi\u00e7os de engenharia, manuten\u00e7\u00e3o e outros servi\u00e7os no mercado offshore e","og_url":"https:\/\/jgeng.com.br\/pt_br\/politica-de-sgi\/","og_site_name":"JG Engenharia","article_modified_time":"2024-08-27T16:32:47+00:00","twitter_card":"summary_large_image","twitter_misc":{"Est. tempo de leitura":"2 minutos"},"schema":{"@context":"https:\/\/schema.org","@graph":[{"@type":"WebPage","@id":"https:\/\/jgeng.com.br\/en\/politica-de-sgi\/","url":"https:\/\/jgeng.com.br\/en\/politica-de-sgi\/","name":"Pol\u00edtica do sistema de gest\u00e3o integrado - JG Engenharia","isPartOf":{"@id":"https:\/\/jgeng.com.br\/#website"},"datePublished":"2024-08-27T16:26:57+00:00","dateModified":"2024-08-27T16:32:47+00:00","breadcrumb":{"@id":"https:\/\/jgeng.com.br\/en\/politica-de-sgi\/#breadcrumb"},"inLanguage":"pt-BR","potentialAction":[{"@type":"ReadAction","target":["https:\/\/jgeng.com.br\/en\/politica-de-sgi\/"]}]},{"@type":"BreadcrumbList","@id":"https:\/\/jgeng.com.br\/en\/politica-de-sgi\/#breadcrumb","itemListElement":[{"@type":"ListItem","position":1,"name":"In\u00edcio","item":"https:\/\/jgeng.com.br\/pt_br\/"},{"@type":"ListItem","position":2,"name":"Pol\u00edtica do sistema de gest\u00e3o integrado"}]},{"@type":"WebSite","@id":"https:\/\/jgeng.com.br\/#website","url":"https:\/\/jgeng.com.br\/","name":"JG Engenharia","description":"","potentialAction":[{"@type":"SearchAction","target":{"@type":"EntryPoint","urlTemplate":"https:\/\/jgeng.com.br\/?s={search_term_string}"},"query-input":"required name=search_term_string"}],"inLanguage":"pt-BR"}]}},"_links":{"self":[{"href":"https:\/\/jgeng.com.br\/pt_br\/wp-json\/wp\/v2\/pages\/16447","targetHints":{"allow":["GET"]}}],"collection":[{"href":"https:\/\/jgeng.com.br\/pt_br\/wp-json\/wp\/v2\/pages"}],"about":[{"href":"https:\/\/jgeng.com.br\/pt_br\/wp-json\/wp\/v2\/types\/page"}],"author":[{"embeddable":true,"href":"https:\/\/jgeng.com.br\/pt_br\/wp-json\/wp\/v2\/users\/1"}],"replies":[{"embeddable":true,"href":"https:\/\/jgeng.com.br\/pt_br\/wp-json\/wp\/v2\/comments?post=16447"}],"version-history":[{"count":16,"href":"https:\/\/jgeng.com.br\/pt_br\/wp-json\/wp\/v2\/pages\/16447\/revisions"}],"predecessor-version":[{"id":16464,"href":"https:\/\/jgeng.com.br\/pt_br\/wp-json\/wp\/v2\/pages\/16447\/revisions\/16464"}],"wp:attachment":[{"href":"https:\/\/jgeng.com.br\/pt_br\/wp-json\/wp\/v2\/media?parent=16447"}],"curies":[{"name":"wp","href":"https:\/\/api.w.org\/{rel}","templated":true}]}}