{"id":16437,"date":"2024-08-27T12:20:52","date_gmt":"2024-08-27T15:20:52","guid":{"rendered":"https:\/\/lab.jgeng.com.br\/?page_id=16437"},"modified":"2025-04-24T15:29:16","modified_gmt":"2025-04-24T18:29:16","slug":"politica-antissuborno","status":"publish","type":"page","link":"https:\/\/jgeng.com.br\/en\/politica-antissuborno\/","title":{"rendered":"Anti-bribery policy"},"content":{"rendered":"<div data-elementor-type=\"wp-page\" data-elementor-id=\"16437\" class=\"elementor elementor-16437\" data-elementor-post-type=\"page\">\n\t\t\t\t<div class=\"elementor-element elementor-element-3ebb72d e-flex e-con-boxed e-con e-parent\" data-id=\"3ebb72d\" data-element_type=\"container\">\n\t\t\t\t\t<div class=\"e-con-inner\">\n\t\t\t\t<div class=\"elementor-element elementor-element-022aaf6 elementor-widget elementor-widget-wd_accordion\" data-id=\"022aaf6\" data-element_type=\"widget\" data-widget_type=\"wd_accordion.default\">\n\t\t\t\t<div class=\"elementor-widget-container\">\n\t\t\t\t\t\t\t\t<link rel=\"stylesheet\" id=\"wd-accordion-css\" href=\"https:\/\/jgeng.com.br\/wp-content\/themes\/woodmart\/css\/parts\/el-accordion.min.css?ver=7.5.1\" type=\"text\/css\" media=\"all\" \/> \t\t\t\n\t\t<div class=\"wd-accordion wd-style-default\" data-state=\"first\">\n\t\t\t\t\t\t\t\n\t\t\t\t<div class=\"wd-accordion-item\">\n\t\t\t\t\t<div class=\"wd-accordion-title wd-active text-left wd-opener-pos-left\" data-accordion-index=\"0\">\n\t\t\t\t\t\t<div class=\"wd-accordion-title-text\">\n\t\t\t\t\t\t\t\t\t\t\t\t\t\t<span>\n\t\t\t\t\t\t\t\tOBJECTIVE\t\t\t\t\t\t\t<\/span>\n\t\t\t\t\t\t<\/div>\n\t\t\t\t\t\t<span class=\"wd-accordion-opener wd-opener-style-arrow\"><\/span>\n\t\t\t\t\t<\/div>\n\n\t\t\t\t\t<div class=\"wd-accordion-content reset-last-child wd-active\" data-accordion-index=\"0\">\n\t\t\t\t\t\t\t\t\t\t\t\t\t\n\t\t\t\t\t\t\t<p>The purpose of this policy is to guide the honest, transparent and legal conduct of all professionals directly or indirectly related to JG ENGENHARIA, in order to prevent illegal activities. The provisions of this policy must be read in conjunction with and in addition to JG ENGENHARIA&#039;s Code of Ethics. This Policy expresses and reinforces the support and commitment to comply with and respect the laws to combat and prevent corruption in force in the national territory. Thus, this Policy regulates the rules and guidelines that must be observed and complied with to ensure that the activities performed by JG ENGENHARIA comply with the legal and regulatory requirements against corruption.\u00a0<\/p>\n\t\t\t\t\t\t\t\t\t\t\t\t\t\t\t\t\t\t<\/div>\n\t\t\t\t<\/div>\n\t\t\t\t\t\t\t\n\t\t\t\t<div class=\"wd-accordion-item\">\n\t\t\t\t\t<div class=\"wd-accordion-title text-left wd-opener-pos-left\" data-accordion-index=\"1\">\n\t\t\t\t\t\t<div class=\"wd-accordion-title-text\">\n\t\t\t\t\t\t\t\t\t\t\t\t\t\t<span>\n\t\t\t\t\t\t\t\tAPPLICATION\t\t\t\t\t\t\t<\/span>\n\t\t\t\t\t\t<\/div>\n\t\t\t\t\t\t<span class=\"wd-accordion-opener wd-opener-style-arrow\"><\/span>\n\t\t\t\t\t<\/div>\n\n\t\t\t\t\t<div class=\"wd-accordion-content reset-last-child\" data-accordion-index=\"1\">\n\t\t\t\t\t\t\t\t\t\t\t\t\t\n\t\t\t\t\t\t\t<p>This policy applies to all professionals working within the organization: management, employees, interns, young apprentices, and outsourced employees of JG ENGENHARIA.\u00a0<\/p><p>These standards also apply to interested parties, such as partners, suppliers, service providers, customers and users.<\/p>\n\t\t\t\t\t\t\t\t\t\t\t\t\t\t\t\t\t\t<\/div>\n\t\t\t\t<\/div>\n\t\t\t\t\t\t\t\n\t\t\t\t<div class=\"wd-accordion-item\">\n\t\t\t\t\t<div class=\"wd-accordion-title text-left wd-opener-pos-left\" data-accordion-index=\"2\">\n\t\t\t\t\t\t<div class=\"wd-accordion-title-text\">\n\t\t\t\t\t\t\t\t\t\t\t\t\t\t<span>\n\t\t\t\t\t\t\t\tGUIDELINES\t\t\t\t\t\t\t<\/span>\n\t\t\t\t\t\t<\/div>\n\t\t\t\t\t\t<span class=\"wd-accordion-opener wd-opener-style-arrow\"><\/span>\n\t\t\t\t\t<\/div>\n\n\t\t\t\t\t<div class=\"wd-accordion-content reset-last-child\" data-accordion-index=\"2\">\n\t\t\t\t\t\t\t\t\t\t\t\t\t\n\t\t\t\t\t\t\t<p>JG ENGENHARIA does not tolerate any form of corruption.\u00a0<\/p><p>The organization will conduct its business in strict compliance with applicable anti-bribery and anti-corruption legislation, as well as legislation applicable to relations with government entities (national and foreign), including direct, indirect and foundational public administration.\u00a0<\/p><p>AJG ENGENHARIA is committed to meeting applicable requirements, as well as the continuous improvement of the Anti-Bribery management system and guarantees that there will be no retaliation for raising concerns, based on good faith or belief in trust.\u00a0<\/p><p>This policy thus provides guidance and structure to establish, analyze and achieve anti-bribery objectives. In this sense, it now deliberates on the following topics:\u00a0<\/p>\n\t\t\t\t\t\t\t\t\t\t\t\t\t\t\t\t\t\t<\/div>\n\t\t\t\t<\/div>\n\t\t\t\t\t<\/div>\n\t\t\t\t\t\t<\/div>\n\t\t\t\t<\/div>\n\t\t\t\t\t<\/div>\n\t\t\t\t<\/div>\n\t\t<div class=\"elementor-element elementor-element-7ba3a8a e-flex e-con-boxed e-con e-parent\" data-id=\"7ba3a8a\" data-element_type=\"container\">\n\t\t\t\t\t<div class=\"e-con-inner\">\n\t\t\t\t<div class=\"elementor-element elementor-element-c0368ba elementor-widget elementor-widget-wd_text_block\" data-id=\"c0368ba\" data-element_type=\"widget\" data-widget_type=\"wd_text_block.default\">\n\t\t\t\t<div class=\"elementor-widget-container\">\n\t\t\t\t\t\t\t\t<link rel=\"stylesheet\" id=\"wd-text-block-css\" href=\"https:\/\/jgeng.com.br\/wp-content\/themes\/woodmart\/css\/parts\/el-text-block.min.css?ver=7.5.1\" type=\"text\/css\" media=\"all\" \/> \t\t\t\t\t<div class=\"wd-text-block reset-last-child text-left\">\n\t\t\t\n\t\t\t<p>This policy therefore provides guidance and framework for establishing, analyzing and achieving anti-bribery objectives.<\/p><p>In this sense, it will now deliberate on the following topics:\u00a0<\/p>\n\t\t\t\t\t<\/div>\n\t\t\t\t\t\t<\/div>\n\t\t\t\t<\/div>\n\t\t\t\t<div class=\"elementor-element elementor-element-bc0a783 elementor-widget elementor-widget-wd_accordion\" data-id=\"bc0a783\" data-element_type=\"widget\" data-widget_type=\"wd_accordion.default\">\n\t\t\t\t<div class=\"elementor-widget-container\">\n\t\t\t\t\t\n\t\t<div class=\"wd-accordion wd-style-default\" data-state=\"first\">\n\t\t\t\t\t\t\t\n\t\t\t\t<div class=\"wd-accordion-item\">\n\t\t\t\t\t<div class=\"wd-accordion-title wd-active text-left wd-opener-pos-left\" data-accordion-index=\"0\">\n\t\t\t\t\t\t<div class=\"wd-accordion-title-text\">\n\t\t\t\t\t\t\t\t\t\t\t\t\t\t<span>\n\t\t\t\t\t\t\t\tBRIBERY AND KICKBACK\t\t\t\t\t\t\t<\/span>\n\t\t\t\t\t\t<\/div>\n\t\t\t\t\t\t<span class=\"wd-accordion-opener wd-opener-style-arrow\"><\/span>\n\t\t\t\t\t<\/div>\n\n\t\t\t\t\t<div class=\"wd-accordion-content reset-last-child wd-active\" data-accordion-index=\"0\">\n\t\t\t\t\t\t\t\t\t\t\t\t\t\n\t\t\t\t\t\t\t<p>All employees and stakeholders acting on behalf of the organization are prohibited from negotiating, offering, promising, accepting, facilitating, paying, promising or offering (directly or indirectly) bribes, undue advantages, payments, gifts, travel, entertainment or even transferring anything of value to any person and favorable treatment or decision of that person in favor of the organization.\u00a0<\/p><p>-No employee or third party will be retaliated against or penalized due to delay or loss of business resulting from their refusal to negotiate, offer, promise, receive, facilitate, pay, authorize or provide a bribe.\u00a0<\/p><p>The Anti-Corruption Law defines as acts that are harmful to the Public Administration, whether national or foreign, all those that violate national or foreign public assets, principles of Public Administration or international commitments assumed by Brazil, such as:<\/p><p>a. \u201cpromise, offer or give, directly or indirectly, an undue advantage to a public agent, or to a third person related to him\u201d;\u00a0<\/p><p>b. \u201cevidently finance, pay for, sponsor or in any way subsidize the practice of illegal acts provided for in this Law\u201d;\u00a0<\/p><p>c. \u201cevidently using an intermediary natural or legal person to hide or disguise their real interests or the identity of the beneficiaries of the acts performed\u201d;\u00a0<\/p><p>d. regarding tenders and contracts<\/p><p>\u2022 \u201cfrustrate or defraud, through adjustment, combination or any other expedient, the competitive nature of a public bidding process\u201d;\u00a0<\/p><p>\u2022 \u201cprevent, disrupt or defraud the performance of any public bidding procedure\u201d;\u00a0<\/p><p>\u2022 \u201cto remove or attempt to remove a bidder, through fraud or offering an advantage of any kind\u201d;\u00a0<\/p><p>\u2022 \u201cdefrauding a public tender or contract arising therefrom\u201d;\u00a0<\/p><p>\u2022 \u201cfraudulently or irregularly create a legal entity to participate in a public tender or enter into an administrative contract\u201d;\u00a0<\/p><p><span style=\"white-space: normal;\"> e) \u201chinder the investigation or inspection activities of public bodies, entities or agents, or intervene in their activities, including within the scope of regulatory agencies and inspection bodies of the national financial system\u201d.\u00a0<\/span><\/p><p><span style=\"white-space: normal;\"> Donations, Gifts, Presents, Entertainment and Travel\u00a0<\/span><\/p><p><span style=\"white-space: normal;\"> Facilitation payments\u00a0<\/span><\/p><p>The Penal Code, in articles 317 and 333, defines the crimes of active corruption and passive corruption. The crime of active corruption consists of the act of \u201coffering or promising an undue advantage to a public official, in order to determine him\/her to perform, omit or delay an official act\u201d, while the crime of passive corruption consists of the act of \u201crequesting or receiving, for oneself or for another, directly or indirectly, even outside of one\u2019s position or before assuming it, but because of it, an undue advantage, or accepting the promise of such an advantage\u201d.\u00a0<\/p><p>The Penal Code also defines the crime of active corruption in international commercial transactions, which occurs in the act of \u201cpromising, offering or giving, directly or indirectly, an undue advantage to a foreign public official, or to a third person, to determine him\/her to perform, omit or delay an official act related to the international commercial transaction\u201d.\u00a0<\/p>\n\t\t\t\t\t\t\t\t\t\t\t\t\t\t\t\t\t\t<\/div>\n\t\t\t\t<\/div>\n\t\t\t\t\t\t\t\n\t\t\t\t<div class=\"wd-accordion-item\">\n\t\t\t\t\t<div class=\"wd-accordion-title text-left wd-opener-pos-left\" data-accordion-index=\"1\">\n\t\t\t\t\t\t<div class=\"wd-accordion-title-text\">\n\t\t\t\t\t\t\t\t\t\t\t\t\t\t<span>\n\t\t\t\t\t\t\t\tDONATIONS, GIFTS, PRESENTS, ENTERTAINMENT AND TRAVEL\t\t\t\t\t\t\t<\/span>\n\t\t\t\t\t\t<\/div>\n\t\t\t\t\t\t<span class=\"wd-accordion-opener wd-opener-style-arrow\"><\/span>\n\t\t\t\t\t<\/div>\n\n\t\t\t\t\t<div class=\"wd-accordion-content reset-last-child\" data-accordion-index=\"1\">\n\t\t\t\t\t\t\t\t\t\t\t\t\t\n\t\t\t\t\t\t\t<p>JG ENGENHARIA recognizes that donations, gifts, entertainment and travel may pose risks of bribery and corruption. The organization expects its employees and any other person or entity acting for or on behalf of JG ENGENHARIA to fully comply with established procedures.\u00a0<\/p><p>Facilitation Payments are small payments made to lower-ranking employees, whether to a government official or to private sector employees, to secure or expedite the execution of routine acts. Routine acts include, but are not limited to: processing government documentation, issuing licenses and permits, clearing goods through customs, obtaining adequate police protection, among others.\u00a0<\/p><p>Facilitation Payments are a form of corruption. JG ENGENHARIA definitely does not tolerate any type of Facilitation Payment, made in person or through other people, regardless of the circumstances in which it occurs, in any location where JG ENGENHARIA carries out any type of commercial or economic-financial transaction.\u00a0<\/p><p>If any of the Employees, Representatives or Third Parties make a payment that could be mistakenly interpreted as Facilitation Payments, they must immediately report the occurrence to the Compliance Office sector and ensure that this payment was duly documented.\u00a0<\/p><p>Likewise, any request that appears to be a request for Facilitation Payments must be reported immediately to the Compliance department.\u00a0<\/p>\n\t\t\t\t\t\t\t\t\t\t\t\t\t\t\t\t\t\t<\/div>\n\t\t\t\t<\/div>\n\t\t\t\t\t\t\t\n\t\t\t\t<div class=\"wd-accordion-item\">\n\t\t\t\t\t<div class=\"wd-accordion-title text-left wd-opener-pos-left\" data-accordion-index=\"2\">\n\t\t\t\t\t\t<div class=\"wd-accordion-title-text\">\n\t\t\t\t\t\t\t\t\t\t\t\t\t\t<span>\n\t\t\t\t\t\t\t\tTRAINING AND DISSEMINATION\u00a0\t\t\t\t\t\t\t<\/span>\n\t\t\t\t\t\t<\/div>\n\t\t\t\t\t\t<span class=\"wd-accordion-opener wd-opener-style-arrow\"><\/span>\n\t\t\t\t\t<\/div>\n\n\t\t\t\t\t<div class=\"wd-accordion-content reset-last-child\" data-accordion-index=\"2\">\n\t\t\t\t\t\t\t\t\t\t\t\t\t\n\t\t\t\t\t\t\t<p>This Policy will be accessible to all JG ENGENHARIA Employees, as well as Third Parties, on the following website: jgeng.com.br<\/p><p>Furthermore, Employees and Third Parties must sign the JG ENGENHARIA Integrated Management System Awareness and Responsibility Term.\u00a0<\/p><p>Training sessions will be held with Employees annually at JG ENGENHARIA to promote knowledge, understanding and commitment to the guidelines established here.\u00a0<\/p><p>It is important to highlight that this Policy does not cover all possible situations, but offers behavioral guidelines for a good part of them with the aim of presenting, in an objective and easy-to-understand way, how anti-corruption conduct can be included in the daily routine of JG ENGENHARIA.\u00a0<\/p><p>The rules of this Policy are complementary to the Codes of Ethics and Conduct and any other policies established in the JG ENGENHARIA Integrated Management System. In addition, this Policy complements other obligations established in contracts signed with Third Parties, but does not create an employment relationship that is not pre-existing.\u00a0<\/p><p>In case of doubts about this Policy and what conduct to adopt in a given situation, Employees, Representatives or Third Parties should consult the Compliance department of JG ENGENHARIA.\u00a0<\/p>\n\t\t\t\t\t\t\t\t\t\t\t\t\t\t\t\t\t\t<\/div>\n\t\t\t\t<\/div>\n\t\t\t\t\t\t\t\n\t\t\t\t<div class=\"wd-accordion-item\">\n\t\t\t\t\t<div class=\"wd-accordion-title text-left wd-opener-pos-left\" data-accordion-index=\"3\">\n\t\t\t\t\t\t<div class=\"wd-accordion-title-text\">\n\t\t\t\t\t\t\t\t\t\t\t\t\t\t<span>\n\t\t\t\t\t\t\t\tPENALTIES\u00a0\t\t\t\t\t\t\t<\/span>\n\t\t\t\t\t\t<\/div>\n\t\t\t\t\t\t<span class=\"wd-accordion-opener wd-opener-style-arrow\"><\/span>\n\t\t\t\t\t<\/div>\n\n\t\t\t\t\t<div class=\"wd-accordion-content reset-last-child\" data-accordion-index=\"3\">\n\t\t\t\t\t\t\t\t\t\t\t\t\t\n\t\t\t\t\t\t\t<p>Individuals who violate this Policy, or any device imposed by the organization, will be subject to applicable legal and\/or disciplinary measures, subject to the following penalties:\u00a0<\/p><p>Verbal warning;\u00a0<\/p><p>Written warning;\u00a0<\/p><p>Suspension;\u00a0<\/p><p>Resignation;\u00a0<\/p><p>Report it to the competent authorities.\u00a0<\/p><p>OJG ENGENHARIA is not obliged to follow the order in which the penalties were previously stated. The penalties will be applied according to the severity of the offense committed, according to a direct assessment by the Compliance Officer and the Board of Directors.\u00a0<\/p>\n\t\t\t\t\t\t\t\t\t\t\t\t\t\t\t\t\t\t<\/div>\n\t\t\t\t<\/div>\n\t\t\t\t\t<\/div>\n\t\t\t\t\t\t<\/div>\n\t\t\t\t<\/div>\n\t\t\t\t<div class=\"elementor-element elementor-element-41e6630 elementor-widget elementor-widget-wd_text_block\" data-id=\"41e6630\" data-element_type=\"widget\" data-widget_type=\"wd_text_block.default\">\n\t\t\t\t<div class=\"elementor-widget-container\">\n\t\t\t\t\t\t\t<div class=\"wd-text-block reset-last-child text-left\">\n\t\t\t\n\t\t\t<h4>FINAL PROVISIONS\u00a0<\/h4><p>AJG ENGENHARIA appointed a Compliance Officer, responsible for verifying, investigating and managing the entire Anti-Bribery Management System;\u00a0<\/p><p>1 JG ENGENHARIA appointed GUSTAVO BORGES E SILVA as Compliance Officer;\u00a0<\/p><p>2 The Compliance Officer role has direct access to the Governing Body, which is currently Senior Management, in addition to having appropriate competence, independence and authority in the Compliance system function.\u00a0<\/p><h4>REFERENCES\u00a0<\/h4><p>JG ENGENHARIA conducts its business in compliance with applicable anti-bribery and anti-corruption legislation and conventions\/pacts, which include, but are not limited to:\u00a0<\/p><p>Law No. 12,846, of August 1, 2013 \u2013 The Anti-Corruption Law or Clean Company Law.\u00a0<\/p><p>Decree-Law 2,484 of December 7, 1940 \u2013 Penal Code.\u00a0<\/p><p>Law No. 8,429 of June 2, 1992 - Administrative Misconduct Law\u00a0<\/p><p>Law No. 14,133, of 2021 \u2013 Public Procurement Law\u00a0<\/p><p>State and Municipal Legislation regulating anti-corruption legislation within their respective jurisdictions\u00a0<\/p><p>ABNT NBR ISO 37001:2017 \u2013 Anti-bribery Management Systems.\u00a0<\/p><p>ABNT NBR ISO 37301:2021 \u2013 Compliance Management System.\u00a0<\/p><h4>DEFINITIONS\u00a0<\/h4><p>Bribery or kickback: The act of offering, promising, donating, accepting and receiving any type of advantage or benefit, whether financial or not, as a way of inducing the practice of any dishonest, illegal act or breach of trust in the performance of one&#039;s duties.\u00a0<\/p><p>Business partners: External party with which JG ENGENHARIA has, or plans to establish, some form of business relationship (clients, suppliers, intermediary agents, service providers, third parties, unions, representatives, beneficiaries of sponsorships and donations).\u00a0<\/p>\n\t\t\t\t\t<\/div>\n\t\t\t\t\t\t<\/div>\n\t\t\t\t<\/div>\n\t\t\t\t\t<\/div>\n\t\t\t\t<\/div>\n\t\t\t\t<\/div>","protected":false},"excerpt":{"rendered":"<p>OBJETIVO O objetivo desta pol\u00edtica \u00e9 orientar a conduta \u00edntegra, transparente e legal, de todos os profissionais relacionados direta ou<\/p>","protected":false},"author":1,"featured_media":0,"parent":0,"menu_order":0,"comment_status":"closed","ping_status":"closed","template":"","meta":{"footnotes":""},"class_list":["post-16437","page","type-page","status-publish","hentry"],"yoast_head":"<!-- This site is optimized with the Yoast SEO plugin v22.6 - https:\/\/yoast.com\/wordpress\/plugins\/seo\/ -->\n<title>Pol\u00edtica antissuborno - JG Engenharia<\/title>\n<meta name=\"robots\" content=\"index, follow, max-snippet:-1, max-image-preview:large, max-video-preview:-1\" \/>\n<link rel=\"canonical\" href=\"https:\/\/jgeng.com.br\/en\/politica-antissuborno\/\" \/>\n<meta property=\"og:locale\" content=\"en_US\" \/>\n<meta property=\"og:type\" content=\"article\" \/>\n<meta property=\"og:title\" content=\"Pol\u00edtica antissuborno - JG Engenharia\" \/>\n<meta property=\"og:description\" content=\"OBJETIVO O objetivo desta pol\u00edtica \u00e9 orientar a conduta \u00edntegra, transparente e legal, de todos os profissionais relacionados direta ou\" \/>\n<meta property=\"og:url\" content=\"https:\/\/jgeng.com.br\/en\/politica-antissuborno\/\" \/>\n<meta property=\"og:site_name\" content=\"JG Engenharia\" \/>\n<meta property=\"article:modified_time\" content=\"2025-04-24T18:29:16+00:00\" \/>\n<meta name=\"twitter:card\" content=\"summary_large_image\" \/>\n<meta name=\"twitter:label1\" content=\"Est. reading time\" \/>\n\t<meta name=\"twitter:data1\" content=\"9 minutes\" \/>\n<script type=\"application\/ld+json\" class=\"yoast-schema-graph\">{\"@context\":\"https:\/\/schema.org\",\"@graph\":[{\"@type\":\"WebPage\",\"@id\":\"https:\/\/jgeng.com.br\/politica-antissuborno\/\",\"url\":\"https:\/\/jgeng.com.br\/politica-antissuborno\/\",\"name\":\"Pol\u00edtica antissuborno - JG Engenharia\",\"isPartOf\":{\"@id\":\"https:\/\/jgeng.com.br\/#website\"},\"datePublished\":\"2024-08-27T15:20:52+00:00\",\"dateModified\":\"2025-04-24T18:29:16+00:00\",\"breadcrumb\":{\"@id\":\"https:\/\/jgeng.com.br\/politica-antissuborno\/#breadcrumb\"},\"inLanguage\":\"en-US\",\"potentialAction\":[{\"@type\":\"ReadAction\",\"target\":[\"https:\/\/jgeng.com.br\/politica-antissuborno\/\"]}]},{\"@type\":\"BreadcrumbList\",\"@id\":\"https:\/\/jgeng.com.br\/politica-antissuborno\/#breadcrumb\",\"itemListElement\":[{\"@type\":\"ListItem\",\"position\":1,\"name\":\"In\u00edcio\",\"item\":\"https:\/\/jgeng.com.br\/pt_br\/\"},{\"@type\":\"ListItem\",\"position\":2,\"name\":\"Pol\u00edtica antissuborno\"}]},{\"@type\":\"WebSite\",\"@id\":\"https:\/\/jgeng.com.br\/#website\",\"url\":\"https:\/\/jgeng.com.br\/\",\"name\":\"JG Engenharia\",\"description\":\"\",\"potentialAction\":[{\"@type\":\"SearchAction\",\"target\":{\"@type\":\"EntryPoint\",\"urlTemplate\":\"https:\/\/jgeng.com.br\/?s={search_term_string}\"},\"query-input\":\"required name=search_term_string\"}],\"inLanguage\":\"en-US\"}]}<\/script>\n<!-- \/ Yoast SEO plugin. -->","yoast_head_json":{"title":"Pol\u00edtica antissuborno - JG Engenharia","robots":{"index":"index","follow":"follow","max-snippet":"max-snippet:-1","max-image-preview":"max-image-preview:large","max-video-preview":"max-video-preview:-1"},"canonical":"https:\/\/jgeng.com.br\/en\/politica-antissuborno\/","og_locale":"en_US","og_type":"article","og_title":"Pol\u00edtica antissuborno - JG Engenharia","og_description":"OBJETIVO O objetivo desta pol\u00edtica \u00e9 orientar a conduta \u00edntegra, transparente e legal, de todos os profissionais relacionados direta ou","og_url":"https:\/\/jgeng.com.br\/en\/politica-antissuborno\/","og_site_name":"JG Engenharia","article_modified_time":"2025-04-24T18:29:16+00:00","twitter_card":"summary_large_image","twitter_misc":{"Est. reading time":"9 minutes"},"schema":{"@context":"https:\/\/schema.org","@graph":[{"@type":"WebPage","@id":"https:\/\/jgeng.com.br\/politica-antissuborno\/","url":"https:\/\/jgeng.com.br\/politica-antissuborno\/","name":"Pol\u00edtica antissuborno - JG Engenharia","isPartOf":{"@id":"https:\/\/jgeng.com.br\/#website"},"datePublished":"2024-08-27T15:20:52+00:00","dateModified":"2025-04-24T18:29:16+00:00","breadcrumb":{"@id":"https:\/\/jgeng.com.br\/politica-antissuborno\/#breadcrumb"},"inLanguage":"en-US","potentialAction":[{"@type":"ReadAction","target":["https:\/\/jgeng.com.br\/politica-antissuborno\/"]}]},{"@type":"BreadcrumbList","@id":"https:\/\/jgeng.com.br\/politica-antissuborno\/#breadcrumb","itemListElement":[{"@type":"ListItem","position":1,"name":"In\u00edcio","item":"https:\/\/jgeng.com.br\/pt_br\/"},{"@type":"ListItem","position":2,"name":"Pol\u00edtica antissuborno"}]},{"@type":"WebSite","@id":"https:\/\/jgeng.com.br\/#website","url":"https:\/\/jgeng.com.br\/","name":"JG Engenharia","description":"","potentialAction":[{"@type":"SearchAction","target":{"@type":"EntryPoint","urlTemplate":"https:\/\/jgeng.com.br\/?s={search_term_string}"},"query-input":"required name=search_term_string"}],"inLanguage":"en-US"}]}},"_links":{"self":[{"href":"https:\/\/jgeng.com.br\/en\/wp-json\/wp\/v2\/pages\/16437","targetHints":{"allow":["GET"]}}],"collection":[{"href":"https:\/\/jgeng.com.br\/en\/wp-json\/wp\/v2\/pages"}],"about":[{"href":"https:\/\/jgeng.com.br\/en\/wp-json\/wp\/v2\/types\/page"}],"author":[{"embeddable":true,"href":"https:\/\/jgeng.com.br\/en\/wp-json\/wp\/v2\/users\/1"}],"replies":[{"embeddable":true,"href":"https:\/\/jgeng.com.br\/en\/wp-json\/wp\/v2\/comments?post=16437"}],"version-history":[{"count":13,"href":"https:\/\/jgeng.com.br\/en\/wp-json\/wp\/v2\/pages\/16437\/revisions"}],"predecessor-version":[{"id":16616,"href":"https:\/\/jgeng.com.br\/en\/wp-json\/wp\/v2\/pages\/16437\/revisions\/16616"}],"wp:attachment":[{"href":"https:\/\/jgeng.com.br\/en\/wp-json\/wp\/v2\/media?parent=16437"}],"curies":[{"name":"wp","href":"https:\/\/api.w.org\/{rel}","templated":true}]}}