{"id":16161,"date":"2024-08-19T17:22:29","date_gmt":"2024-08-19T20:22:29","guid":{"rendered":"https:\/\/lab.jgeng.com.br\/?page_id=16161"},"modified":"2025-04-15T14:05:00","modified_gmt":"2025-04-15T17:05:00","slug":"canal-de-etica","status":"publish","type":"page","link":"https:\/\/jgeng.com.br\/en\/canal-de-etica\/","title":{"rendered":"Ethics channel"},"content":{"rendered":"<div data-elementor-type=\"wp-page\" data-elementor-id=\"16161\" class=\"elementor elementor-16161\" data-elementor-post-type=\"page\">\n\t\t\t\t\t\t<section class=\"elementor-section elementor-top-section elementor-element elementor-element-36ee4b00 elementor-section-boxed elementor-section-height-default elementor-section-height-default\" data-id=\"36ee4b00\" data-element_type=\"section\">\n\t\t\t\t\t\t<div class=\"elementor-container elementor-column-gap-default\">\n\t\t\t\t\t<div class=\"elementor-column elementor-col-50 elementor-top-column elementor-element elementor-element-72431f0\" data-id=\"72431f0\" data-element_type=\"column\">\n\t\t\t<div class=\"elementor-widget-wrap elementor-element-populated\">\n\t\t\t\t\t\t<div class=\"elementor-element elementor-element-6cd53b07 elementor-button-align-stretch elementor-widget elementor-widget-form\" data-id=\"6cd53b07\" data-element_type=\"widget\" data-settings=\"{&quot;step_next_label&quot;:&quot;Next&quot;,&quot;step_previous_label&quot;:&quot;Previous&quot;,&quot;button_width&quot;:&quot;100&quot;,&quot;step_type&quot;:&quot;number_text&quot;,&quot;step_icon_shape&quot;:&quot;circle&quot;}\" data-widget_type=\"form.default\">\n\t\t\t\t<div class=\"elementor-widget-container\">\n\t\t\t\t\t\t\t<form class=\"elementor-form\" method=\"post\" name=\"New Form\" action=\"\">\n\t\t\t<input type=\"hidden\" name=\"post_id\" value=\"16161\"\/>\n\t\t\t<input type=\"hidden\" name=\"form_id\" value=\"6cd53b07\"\/>\n\t\t\t<input type=\"hidden\" name=\"referer_title\" value=\"JG Engenharia\" \/>\n\n\t\t\t\n\t\t\t<div class=\"elementor-form-fields-wrapper elementor-labels-\">\n\t\t\t\t\t\t\t\t<div class=\"elementor-field-type-text elementor-field-group elementor-column elementor-field-group-name elementor-col-50\">\n\t\t\t\t\t\t\t\t\t\t\t\t<label for=\"form-field-name\" class=\"elementor-field-label elementor-screen-only\">\n\t\t\t\t\t\t\t\tName (Optional)\t\t\t\t\t\t\t<\/label>\n\t\t\t\t\t\t\t\t\t\t\t\t\t\t<input size=\"1\" type=\"text\" name=\"form_fields[name]\" id=\"form-field-name\" class=\"elementor-field elementor-size-sm  elementor-field-textual\" placeholder=\"Name (Optional)\">\n\t\t\t\t\t\t\t\t\t\t\t<\/div>\n\t\t\t\t\t\t\t\t<div class=\"elementor-field-type-text elementor-field-group elementor-column elementor-field-group-field_14f4069 elementor-col-50\">\n\t\t\t\t\t\t\t\t\t\t\t\t<label for=\"form-field-field_14f4069\" class=\"elementor-field-label elementor-screen-only\">\n\t\t\t\t\t\t\t\tLocation (Optional)\t\t\t\t\t\t\t<\/label>\n\t\t\t\t\t\t\t\t\t\t\t\t\t\t<input size=\"1\" type=\"text\" name=\"form_fields[field_14f4069]\" id=\"form-field-field_14f4069\" class=\"elementor-field elementor-size-sm  elementor-field-textual\" placeholder=\"Location (Optional)\">\n\t\t\t\t\t\t\t\t\t\t\t<\/div>\n\t\t\t\t\t\t\t\t<div class=\"elementor-field-type-text elementor-field-group elementor-column elementor-field-group-field_356d4cd elementor-col-100\">\n\t\t\t\t\t\t\t\t\t\t\t\t<label for=\"form-field-field_356d4cd\" class=\"elementor-field-label elementor-screen-only\">\n\t\t\t\t\t\t\t\tWhat is your relationship with the company? (Optional)\t\t\t\t\t\t\t<\/label>\n\t\t\t\t\t\t\t\t\t\t\t\t\t\t<input size=\"1\" type=\"text\" name=\"form_fields[field_356d4cd]\" id=\"form-field-field_356d4cd\" class=\"elementor-field elementor-size-sm  elementor-field-textual\" placeholder=\"What is your relationship with the company? (Optional)\">\n\t\t\t\t\t\t\t\t\t\t\t<\/div>\n\t\t\t\t\t\t\t\t<div class=\"elementor-field-type-email elementor-field-group elementor-column elementor-field-group-email elementor-col-40\">\n\t\t\t\t\t\t\t\t\t\t\t\t<label for=\"form-field-email\" class=\"elementor-field-label elementor-screen-only\">\n\t\t\t\t\t\t\t\tEmail (Optional)\t\t\t\t\t\t\t<\/label>\n\t\t\t\t\t\t\t\t\t\t\t\t\t\t<input size=\"1\" type=\"email\" name=\"form_fields[email]\" id=\"form-field-email\" class=\"elementor-field elementor-size-sm  elementor-field-textual\" placeholder=\"Email (Optional)\">\n\t\t\t\t\t\t\t\t\t\t\t<\/div>\n\t\t\t\t\t\t\t\t<div class=\"elementor-field-type-tel elementor-field-group elementor-column elementor-field-group-field_b785692 elementor-col-60\">\n\t\t\t\t\t\t\t\t\t\t\t\t<label for=\"form-field-field_b785692\" class=\"elementor-field-label elementor-screen-only\">\n\t\t\t\t\t\t\t\tTelephone (Optional)\t\t\t\t\t\t\t<\/label>\n\t\t\t\t\t\t\t\t<input size=\"1\" type=\"tel\" name=\"form_fields[field_b785692]\" id=\"form-field-field_b785692\" class=\"elementor-field elementor-size-sm  elementor-field-textual\" placeholder=\"Telephone (Optional)\" pattern=\"[0-9()#&amp;+*-=.]+\" title=\"Only numbers and phone characters (#, -, *, etc) are accepted.\">\n\n\t\t\t\t\t\t<\/div>\n\t\t\t\t\t\t\t\t<div class=\"elementor-field-type-select elementor-field-group elementor-column elementor-field-group-field_00b78b4 elementor-col-100 elementor-field-required\">\n\t\t\t\t\t\t\t\t\t\t\t\t<label for=\"form-field-field_00b78b4\" class=\"elementor-field-label elementor-screen-only\">\n\t\t\t\t\t\t\t\tType\t\t\t\t\t\t\t<\/label>\n\t\t\t\t\t\t\t\t<div class=\"elementor-field elementor-select-wrapper remove-before\">\n\t\t\t<div class=\"select-caret-down-wrapper\">\n\t\t\t\t<svg aria-hidden=\"true\" class=\"e-font-icon-svg e-eicon-caret-down\" viewbox=\"0 0 571.4 571.4\" xmlns=\"http:\/\/www.w3.org\/2000\/svg\"><path d=\"M571 393Q571 407 561 418L311 668Q300 679 286 679T261 668L11 418Q0 407 0 393T11 368 36 357H536Q550 357 561 368T571 393Z\"><\/path><\/svg>\t\t\t<\/div>\n\t\t\t<select name=\"form_fields[field_00b78b4]\" id=\"form-field-field_00b78b4\" class=\"elementor-field-textual elementor-size-sm\" required=\"required\" aria-required=\"true\">\n\t\t\t\t\t\t\t\t\t<option value=\"Den\u00fancia\">Complaint<\/option>\n\t\t\t\t\t\t\t\t\t<option value=\"Reclama\u00e7\u00e3o\">Complaint<\/option>\n\t\t\t\t\t\t\t\t\t<option value=\"Sugest\u00e3o\">Suggestion<\/option>\n\t\t\t\t\t\t\t\t\t<option value=\"Elogio\">Praise<\/option>\n\t\t\t\t\t\t\t\t\t<option value=\"Conduta inesperada\">Unexpected behavior<\/option>\n\t\t\t\t\t\t\t\t\t<option value=\"Corrup\u00e7\u00e3o\">Corruption<\/option>\n\t\t\t\t\t\t\t<\/select>\n\t\t<\/div>\n\t\t\t\t\t\t<\/div>\n\t\t\t\t\t\t\t\t<div class=\"elementor-field-type-textarea elementor-field-group elementor-column elementor-field-group-message elementor-col-100 elementor-field-required\">\n\t\t\t\t\t\t\t\t\t\t\t\t<label for=\"form-field-message\" class=\"elementor-field-label elementor-screen-only\">\n\t\t\t\t\t\t\t\tMessage\t\t\t\t\t\t\t<\/label>\n\t\t\t\t\t\t<textarea class=\"elementor-field-textual elementor-field  elementor-size-sm\" name=\"form_fields[message]\" id=\"form-field-message\" rows=\"4\" placeholder=\"Message\" required=\"required\" aria-required=\"true\"><\/textarea>\t\t\t\t<\/div>\n\t\t\t\t\t\t\t\t<div class=\"elementor-field-type-recaptcha_v3 elementor-field-group elementor-column elementor-field-group-field_f8515cf elementor-col-100 recaptcha_v3-bottomleft\">\n\t\t\t\t\t<div class=\"elementor-field\" id=\"form-field-field_f8515cf\"><div class=\"elementor-g-recaptcha\" data-sitekey=\"6Le82YQkAAAAAG_k0s1hkThf3nJIYYkcGDQhGL8l\" data-type=\"v3\" data-action=\"Form\" data-badge=\"bottomleft\" data-size=\"invisible\"><\/div><\/div>\t\t\t\t<\/div>\n\t\t\t\t\t\t\t\t<div class=\"elementor-field-group elementor-column elementor-field-type-submit elementor-col-100 e-form__buttons\">\n\t\t\t\t\t<button class=\"elementor-button elementor-size-md\" type=\"submit\">\n\t\t\t\t\t\t<span class=\"elementor-button-content-wrapper\">\n\t\t\t\t\t\t\t\t\t\t\t\t\t\t\t\t\t\t\t\t\t\t<span class=\"elementor-button-text\">To send<\/span>\n\t\t\t\t\t\t\t\t\t\t\t\t\t<\/span>\n\t\t\t\t\t<\/button>\n\t\t\t\t<\/div>\n\t\t\t<\/div>\n\t\t<input type=\"hidden\" name=\"trp-form-language\" value=\"en\"\/><\/form>\n\t\t\t\t\t\t<\/div>\n\t\t\t\t<\/div>\n\t\t\t\t\t<\/div>\n\t\t<\/div>\n\t\t\t\t<div class=\"elementor-column elementor-col-50 elementor-top-column elementor-element elementor-element-eb7b6f8\" data-id=\"eb7b6f8\" data-element_type=\"column\">\n\t\t\t<div class=\"elementor-widget-wrap elementor-element-populated\">\n\t\t\t\t<div class=\"elementor-element elementor-element-6989c57 e-con-full e-flex e-con e-parent\" data-id=\"6989c57\" data-element_type=\"container\" data-settings=\"{&quot;background_background&quot;:&quot;classic&quot;}\">\n\t\t\t\t<div class=\"elementor-element elementor-element-be41b76 elementor-absolute elementor-widget elementor-widget-wd_image_or_svg\" data-id=\"be41b76\" data-element_type=\"widget\" data-settings=\"{&quot;_position&quot;:&quot;absolute&quot;}\" data-widget_type=\"wd_image_or_svg.default\">\n\t\t\t\t<div class=\"elementor-widget-container\">\n\t\t\t\t\t\n\t\t<div class=\"wd-image text-left\">\n\t\t\t\t\t\t\t\t<img fetchpriority=\"high\" decoding=\"async\" width=\"279\" height=\"300\" src=\"https:\/\/jgeng.com.br\/wp-content\/uploads\/2024\/08\/a-1-279x300.png\" class=\"attachment-medium size-medium\" alt=\"\" srcset=\"https:\/\/jgeng.com.br\/wp-content\/uploads\/2024\/08\/a-1-279x300.png 279w, https:\/\/jgeng.com.br\/wp-content\/uploads\/2024\/08\/a-1-744x800.png 744w, https:\/\/jgeng.com.br\/wp-content\/uploads\/2024\/08\/a-1-768x826.png 768w, https:\/\/jgeng.com.br\/wp-content\/uploads\/2024\/08\/a-1-11x12.png 11w, https:\/\/jgeng.com.br\/wp-content\/uploads\/2024\/08\/a-1.png 971w\" sizes=\"(max-width: 279px) 100vw, 279px\" \/>\t\t\t\t\t<\/div>\n\n\t\t\t\t\t\t<\/div>\n\t\t\t\t<\/div>\n\t\t\t\t<div class=\"elementor-element elementor-element-4f1e04d elementor-widget elementor-widget-wd_text_block\" data-id=\"4f1e04d\" data-element_type=\"widget\" data-widget_type=\"wd_text_block.default\">\n\t\t\t\t<div class=\"elementor-widget-container\">\n\t\t\t\t\t\t\t\t<link rel=\"stylesheet\" id=\"wd-text-block-css\" href=\"https:\/\/jgeng.com.br\/wp-content\/themes\/woodmart\/css\/parts\/el-text-block.min.css?ver=7.5.1\" type=\"text\/css\" media=\"all\" \/> \t\t\t\t\t<div class=\"wd-text-block reset-last-child text-left color-scheme-light\">\n\t\t\t\n\t\t\t<p>This channel was developed so that situations that do not comply with the Code of Ethics can be reported safely. It is an independent channel that guarantees the anonymity and confidentiality of the information received.<\/p>\n\t\t\t\t\t<\/div>\n\t\t\t\t\t\t<\/div>\n\t\t\t\t<\/div>\n\t\t\t\t<\/div>\n\t\t\t\t\t<\/div>\n\t\t<\/div>\n\t\t\t\t\t<\/div>\n\t\t<\/section>\n\t\t<div class=\"elementor-element elementor-element-e6d54e2 e-flex e-con-boxed e-con e-parent\" data-id=\"e6d54e2\" data-element_type=\"container\">\n\t\t\t\t\t<div class=\"e-con-inner\">\n\t\t\t\t\t<\/div>\n\t\t\t\t<\/div>\n\t\t\t\t<\/div>","protected":false},"excerpt":{"rendered":"<p>Este canal foi desenvolvido para que situa\u00e7\u00f5es que descumpram o C\u00f3digo de \u00c9tica possam ser relatadas de maneira segura. \u00c9<\/p>","protected":false},"author":1,"featured_media":16188,"parent":0,"menu_order":0,"comment_status":"closed","ping_status":"closed","template":"","meta":{"footnotes":""},"class_list":["post-16161","page","type-page","status-publish","has-post-thumbnail","hentry"],"yoast_head":"<!-- This site is optimized with the Yoast SEO plugin v22.6 - https:\/\/yoast.com\/wordpress\/plugins\/seo\/ -->\n<title>Canal de \u00e9tica - JG Engenharia<\/title>\n<meta name=\"robots\" content=\"index, follow, max-snippet:-1, max-image-preview:large, max-video-preview:-1\" \/>\n<link rel=\"canonical\" href=\"https:\/\/jgeng.com.br\/en\/canal-de-etica\/\" \/>\n<meta property=\"og:locale\" content=\"en_US\" \/>\n<meta property=\"og:type\" content=\"article\" \/>\n<meta property=\"og:title\" content=\"Canal de \u00e9tica - JG Engenharia\" \/>\n<meta property=\"og:description\" content=\"Este canal foi desenvolvido para que situa\u00e7\u00f5es que descumpram o C\u00f3digo de \u00c9tica possam ser relatadas de maneira segura. \u00c9\" \/>\n<meta property=\"og:url\" content=\"https:\/\/jgeng.com.br\/en\/canal-de-etica\/\" \/>\n<meta property=\"og:site_name\" content=\"JG Engenharia\" \/>\n<meta property=\"article:modified_time\" content=\"2025-04-15T17:05:00+00:00\" \/>\n<meta property=\"og:image\" content=\"https:\/\/jgeng.com.br\/wp-content\/uploads\/2024\/08\/group-friends-gathering-together_23-2148729702.jpg\" \/>\n\t<meta property=\"og:image:width\" content=\"826\" \/>\n\t<meta property=\"og:image:height\" content=\"464\" \/>\n\t<meta property=\"og:image:type\" content=\"image\/jpeg\" \/>\n<meta name=\"twitter:card\" content=\"summary_large_image\" \/>\n<meta name=\"twitter:label1\" content=\"Est. reading time\" \/>\n\t<meta name=\"twitter:data1\" content=\"1 minute\" \/>\n<script type=\"application\/ld+json\" class=\"yoast-schema-graph\">{\"@context\":\"https:\/\/schema.org\",\"@graph\":[{\"@type\":\"WebPage\",\"@id\":\"https:\/\/jgeng.com.br\/canal-de-etica\/\",\"url\":\"https:\/\/jgeng.com.br\/canal-de-etica\/\",\"name\":\"Canal de \u00e9tica - JG Engenharia\",\"isPartOf\":{\"@id\":\"https:\/\/jgeng.com.br\/#website\"},\"primaryImageOfPage\":{\"@id\":\"https:\/\/jgeng.com.br\/canal-de-etica\/#primaryimage\"},\"image\":{\"@id\":\"https:\/\/jgeng.com.br\/canal-de-etica\/#primaryimage\"},\"thumbnailUrl\":\"https:\/\/jgeng.com.br\/wp-content\/uploads\/2024\/08\/group-friends-gathering-together_23-2148729702.jpg\",\"datePublished\":\"2024-08-19T20:22:29+00:00\",\"dateModified\":\"2025-04-15T17:05:00+00:00\",\"breadcrumb\":{\"@id\":\"https:\/\/jgeng.com.br\/canal-de-etica\/#breadcrumb\"},\"inLanguage\":\"en-US\",\"potentialAction\":[{\"@type\":\"ReadAction\",\"target\":[\"https:\/\/jgeng.com.br\/canal-de-etica\/\"]}]},{\"@type\":\"ImageObject\",\"inLanguage\":\"en-US\",\"@id\":\"https:\/\/jgeng.com.br\/canal-de-etica\/#primaryimage\",\"url\":\"https:\/\/jgeng.com.br\/wp-content\/uploads\/2024\/08\/group-friends-gathering-together_23-2148729702.jpg\",\"contentUrl\":\"https:\/\/jgeng.com.br\/wp-content\/uploads\/2024\/08\/group-friends-gathering-together_23-2148729702.jpg\",\"width\":826,\"height\":464},{\"@type\":\"BreadcrumbList\",\"@id\":\"https:\/\/jgeng.com.br\/canal-de-etica\/#breadcrumb\",\"itemListElement\":[{\"@type\":\"ListItem\",\"position\":1,\"name\":\"In\u00edcio\",\"item\":\"https:\/\/jgeng.com.br\/pt_br\/\"},{\"@type\":\"ListItem\",\"position\":2,\"name\":\"Canal de \u00e9tica\"}]},{\"@type\":\"WebSite\",\"@id\":\"https:\/\/jgeng.com.br\/#website\",\"url\":\"https:\/\/jgeng.com.br\/\",\"name\":\"JG Engenharia\",\"description\":\"\",\"potentialAction\":[{\"@type\":\"SearchAction\",\"target\":{\"@type\":\"EntryPoint\",\"urlTemplate\":\"https:\/\/jgeng.com.br\/?s={search_term_string}\"},\"query-input\":\"required name=search_term_string\"}],\"inLanguage\":\"en-US\"}]}<\/script>\n<!-- \/ Yoast SEO plugin. -->","yoast_head_json":{"title":"Canal de \u00e9tica - JG Engenharia","robots":{"index":"index","follow":"follow","max-snippet":"max-snippet:-1","max-image-preview":"max-image-preview:large","max-video-preview":"max-video-preview:-1"},"canonical":"https:\/\/jgeng.com.br\/en\/canal-de-etica\/","og_locale":"en_US","og_type":"article","og_title":"Canal de \u00e9tica - JG Engenharia","og_description":"Este canal foi desenvolvido para que situa\u00e7\u00f5es que descumpram o C\u00f3digo de \u00c9tica possam ser relatadas de maneira segura. \u00c9","og_url":"https:\/\/jgeng.com.br\/en\/canal-de-etica\/","og_site_name":"JG Engenharia","article_modified_time":"2025-04-15T17:05:00+00:00","og_image":[{"width":826,"height":464,"url":"https:\/\/jgeng.com.br\/wp-content\/uploads\/2024\/08\/group-friends-gathering-together_23-2148729702.jpg","type":"image\/jpeg"}],"twitter_card":"summary_large_image","twitter_misc":{"Est. reading time":"1 minute"},"schema":{"@context":"https:\/\/schema.org","@graph":[{"@type":"WebPage","@id":"https:\/\/jgeng.com.br\/canal-de-etica\/","url":"https:\/\/jgeng.com.br\/canal-de-etica\/","name":"Canal de \u00e9tica - JG Engenharia","isPartOf":{"@id":"https:\/\/jgeng.com.br\/#website"},"primaryImageOfPage":{"@id":"https:\/\/jgeng.com.br\/canal-de-etica\/#primaryimage"},"image":{"@id":"https:\/\/jgeng.com.br\/canal-de-etica\/#primaryimage"},"thumbnailUrl":"https:\/\/jgeng.com.br\/wp-content\/uploads\/2024\/08\/group-friends-gathering-together_23-2148729702.jpg","datePublished":"2024-08-19T20:22:29+00:00","dateModified":"2025-04-15T17:05:00+00:00","breadcrumb":{"@id":"https:\/\/jgeng.com.br\/canal-de-etica\/#breadcrumb"},"inLanguage":"en-US","potentialAction":[{"@type":"ReadAction","target":["https:\/\/jgeng.com.br\/canal-de-etica\/"]}]},{"@type":"ImageObject","inLanguage":"en-US","@id":"https:\/\/jgeng.com.br\/canal-de-etica\/#primaryimage","url":"https:\/\/jgeng.com.br\/wp-content\/uploads\/2024\/08\/group-friends-gathering-together_23-2148729702.jpg","contentUrl":"https:\/\/jgeng.com.br\/wp-content\/uploads\/2024\/08\/group-friends-gathering-together_23-2148729702.jpg","width":826,"height":464},{"@type":"BreadcrumbList","@id":"https:\/\/jgeng.com.br\/canal-de-etica\/#breadcrumb","itemListElement":[{"@type":"ListItem","position":1,"name":"In\u00edcio","item":"https:\/\/jgeng.com.br\/pt_br\/"},{"@type":"ListItem","position":2,"name":"Canal de \u00e9tica"}]},{"@type":"WebSite","@id":"https:\/\/jgeng.com.br\/#website","url":"https:\/\/jgeng.com.br\/","name":"JG Engenharia","description":"","potentialAction":[{"@type":"SearchAction","target":{"@type":"EntryPoint","urlTemplate":"https:\/\/jgeng.com.br\/?s={search_term_string}"},"query-input":"required name=search_term_string"}],"inLanguage":"en-US"}]}},"_links":{"self":[{"href":"https:\/\/jgeng.com.br\/en\/wp-json\/wp\/v2\/pages\/16161","targetHints":{"allow":["GET"]}}],"collection":[{"href":"https:\/\/jgeng.com.br\/en\/wp-json\/wp\/v2\/pages"}],"about":[{"href":"https:\/\/jgeng.com.br\/en\/wp-json\/wp\/v2\/types\/page"}],"author":[{"embeddable":true,"href":"https:\/\/jgeng.com.br\/en\/wp-json\/wp\/v2\/users\/1"}],"replies":[{"embeddable":true,"href":"https:\/\/jgeng.com.br\/en\/wp-json\/wp\/v2\/comments?post=16161"}],"version-history":[{"count":49,"href":"https:\/\/jgeng.com.br\/en\/wp-json\/wp\/v2\/pages\/16161\/revisions"}],"predecessor-version":[{"id":16607,"href":"https:\/\/jgeng.com.br\/en\/wp-json\/wp\/v2\/pages\/16161\/revisions\/16607"}],"wp:featuredmedia":[{"embeddable":true,"href":"https:\/\/jgeng.com.br\/en\/wp-json\/wp\/v2\/media\/16188"}],"wp:attachment":[{"href":"https:\/\/jgeng.com.br\/en\/wp-json\/wp\/v2\/media?parent=16161"}],"curies":[{"name":"wp","href":"https:\/\/api.w.org\/{rel}","templated":true}]}}